{"id":1764,"date":"2016-06-14T09:55:56","date_gmt":"2016-06-14T09:55:56","guid":{"rendered":"http:\/\/torchiati.it\/cenainbianco\/?page_id=1764"},"modified":"2025-05-29T19:26:42","modified_gmt":"2025-05-29T19:26:42","slug":"regolamento-2024","status":"publish","type":"page","link":"https:\/\/torchiati.it\/cenainbianco\/regolamento-2024\/","title":{"rendered":"Regolamento Cena in Bianco 2025"},"content":{"rendered":"<blockquote>\n<h1>Poche semplici regole per una serata da ricordare<\/h1>\n<\/blockquote>\n<h3>Sei tu il protagonista<\/h3>\n<p><strong>divertimento<\/strong> (regola fondamentale)<\/p>\n<h3>Siate creativi<\/h3>\n<blockquote><p>&#8220;Vivendo in modo creativo ci si rende conto del fatto che ogni cosa che facciamo aumenta il senso di essere vivi, di essere noi stessi, insostituibili e unici.&#8221; (Donald W.Winnicott )<\/p><\/blockquote>\n<h3>Arrivo<\/h3>\n<p>L\u2019arrivo \u00e8 possibile dalle ore 18 alle 20.30, l\u2019allestimento dei tavoli si concluder\u00e0 alle 20.00. La cena in Bianco avr\u00e0 inizio alle ore 21,00.<\/p>\n<h3><img loading=\"lazy\" decoding=\"async\" class=\"alignnone wp-image-1769 size-large\" src=\"http:\/\/torchiati.it\/cenainbianco\/wp-content\/uploads\/2016\/05\/cena_in_bianco_Torchiati_Montoro_home-1024x474.jpg\" alt=\"cena_in_bianco_Torchiati_Montoro_home\" width=\"1024\" height=\"474\" srcset=\"https:\/\/torchiati.it\/cenainbianco\/wp-content\/uploads\/2016\/05\/cena_in_bianco_Torchiati_Montoro_home-200x93.jpg 200w, https:\/\/torchiati.it\/cenainbianco\/wp-content\/uploads\/2016\/05\/cena_in_bianco_Torchiati_Montoro_home-300x139.jpg 300w, https:\/\/torchiati.it\/cenainbianco\/wp-content\/uploads\/2016\/05\/cena_in_bianco_Torchiati_Montoro_home-400x185.jpg 400w, https:\/\/torchiati.it\/cenainbianco\/wp-content\/uploads\/2016\/05\/cena_in_bianco_Torchiati_Montoro_home-600x278.jpg 600w, https:\/\/torchiati.it\/cenainbianco\/wp-content\/uploads\/2016\/05\/cena_in_bianco_Torchiati_Montoro_home-768x356.jpg 768w, https:\/\/torchiati.it\/cenainbianco\/wp-content\/uploads\/2016\/05\/cena_in_bianco_Torchiati_Montoro_home-800x371.jpg 800w, https:\/\/torchiati.it\/cenainbianco\/wp-content\/uploads\/2016\/05\/cena_in_bianco_Torchiati_Montoro_home-1024x474.jpg 1024w, https:\/\/torchiati.it\/cenainbianco\/wp-content\/uploads\/2016\/05\/cena_in_bianco_Torchiati_Montoro_home-1200x556.jpg 1200w, https:\/\/torchiati.it\/cenainbianco\/wp-content\/uploads\/2016\/05\/cena_in_bianco_Torchiati_Montoro_home.jpg 1500w\" sizes=\"(max-width: 1024px) 100vw, 1024px\" \/><\/h3>\n<h3>Abbigliamento<\/h3>\n<p>Abbigliamento ed accessori di colore Bianco.<br \/>\nIl bianco e&#8217; neutro, elegante, tira fuori le persone vere, la loro anima , l&#8217;essenza delle persone e della citt\u00e0.<\/p>\n<h3>Accessori per l\u2019allestimento della tavola in Bianco<\/h3>\n<p><strong><em>Tavoli e sedute ve li forniamo noi<\/em><\/strong>, la misura \u00e8 m 2.20 x 0.70 e ci vanno comode 8 persone, quindi se sarete pi\u00f9 di 8 a cena vi forniremo pi\u00f9 tavoli e consigliamo di prenotare per multipli di otto.<\/p>\n<p>Cercate di coprire tutti i posti per uno splendido colpo d&#8217;occhio!<\/p>\n<ol>\n<li>Cavalletti con place<\/li>\n<li>Seggiole e Sgabelli<\/li>\n<li>Piatti in ceramica (bianchi) o materiale compostabile<\/li>\n<li>Bicchieri in plexiglas o plastica compostabile<\/li>\n<li>Posaceneri<\/li>\n<li>Tovaglie lunghe , tovaglioli, stoffe in tessuto (bianchi)<\/li>\n<li>Candele e candelabri<\/li>\n<li>Fiori (bianchi)<\/li>\n<li>Vivande, acqua, vino<\/li>\n<\/ol>\n<p>* tutti gli accessori che possano rendere la tavola elegante sono graditi, centro tavola, sottopiatti, men\u00f9, segnaposto \u2026. non ponete limiti alla fantasia, l\u2019importante e che siano in tema con la sobria tradizione Italiana e chiaramente di color bianco.\u00a0<strong>\u00c8 importante il vostro segnatavolo<\/strong>.<br \/>\nOrganizzate in questi giorni la vostra tavola, preparate il vostro menu e i vostri piatti o seguite le indicazioni sulla pagina ufficiale facebook <span style=\"text-decoration: underline;\"><span style=\"color: #0a4cad;\"><a style=\"color: #0a4cad; text-decoration: underline;\" href=\"https:\/\/www.facebook.com\/cenainbiancomontoro\/?fref=ts\">#CenaInBiancoMontoro<\/a><\/span><\/span>.<\/p>\n<h3>Rispettare 5 grandi E: Etica, Estetica, Eleganza, Ecologia, Educazione<\/h3>\n<p>Portate con voi soprattutto il consueto garbo e il rispetto degli altri e del posto che ci ospita e che ringrazio a nome di tutti. Portate con voi tanta simpatia e anche tanta voglia di conoscere e fare due chiacchiere con i vicini di tavola. Non ci sono posti capotavola perch\u00e9 i tavoli vengono volutamente messi accanto l\u2019uno all&#8217;altro in lunghissime file.<br \/>\nVivremo una \u202a\u200eMONTORO\u202c ricreando con la nostra cena fai da te una sorta di \u201cfasto urbano e contemporaneo\u201d in memoria delle grandi feste della cittadinanza che avvenivano un tempo nelle grandi corti.<\/p>\n<h3><img loading=\"lazy\" decoding=\"async\" class=\"alignnone size-full wp-image-1655\" src=\"http:\/\/torchiati.it\/cenainbianco\/wp-content\/uploads\/2015\/01\/3.jpg\" alt=\"3\" width=\"800\" height=\"450\" srcset=\"https:\/\/torchiati.it\/cenainbianco\/wp-content\/uploads\/2015\/01\/3-200x113.jpg 200w, https:\/\/torchiati.it\/cenainbianco\/wp-content\/uploads\/2015\/01\/3-300x169.jpg 300w, https:\/\/torchiati.it\/cenainbianco\/wp-content\/uploads\/2015\/01\/3-400x225.jpg 400w, https:\/\/torchiati.it\/cenainbianco\/wp-content\/uploads\/2015\/01\/3-600x338.jpg 600w, https:\/\/torchiati.it\/cenainbianco\/wp-content\/uploads\/2015\/01\/3-768x432.jpg 768w, https:\/\/torchiati.it\/cenainbianco\/wp-content\/uploads\/2015\/01\/3.jpg 800w\" sizes=\"(max-width: 800px) 100vw, 800px\" \/><\/h3>\n<h3>Location<\/h3>\n<p>Il luogo ospitante sar\u00e0 lasciato in condizioni igieniche adeguate, per tanto si auspica nella collaborazione di tutti i presenti.<\/p>\n<ol>\n<li>Ognuno raccoglier\u00e0 in appositi sacchetti i propri rifiuti.<\/li>\n<li>Tutto il materiale portato in loco andr\u00e0 oltremodo riportato con s\u00e9, lasciando il luogo ospitante esattamente come ci ha accolto.<\/li>\n<li>Evitare di inquinare il luogo con gomme da masticare, cicche di sigarette o similari, sono graditi posaceneri.<\/li>\n<\/ol>\n<p>Poter fare cose speciali in luoghi unici al mondo e molto particolari richiede da parte di tutti collaborazione massima ed un po\u2019 di pazienza se si \u00e8 in tanti! Vi chiediamo di aiutarci nel rispettare l\u2019impegno preso a nome di tutti e di non lasciare nulla nell&#8217;area dove saremo a tavola. <strong>I luoghi sono puliti se noi non li sporchiamo<\/strong> ed evitiamo qualcuno lo debba poi fare per noi con costi anche elevati.<br \/>\n\u00c8 un evento gratuito per i partecipanti, \u00e8\u00a0necessaria ed opportuna la collaborazione a supporto da parte di tutti. Ognuno sar\u00e0 responsabile della propria partecipazione, dal trasporto dell\u2019occorrente alla gestione della propria tavola, dei bambini e di tutte le proprie cose. Largo alle bolle di sapone, ai palloncini ed ai cappelli e quest\u2019anno anche largo ai fiori bianchi ed alle candele bianche in tavola.<\/p>\n<h3>Allestimento tavoli<\/h3>\n<p>L\u2019allestimento dei tavoli si concluder\u00e0 alle 20.00 per chi vuole partecipare al contest fotografico organizzato da #BENVENUTIaMONTORO.<\/p>\n<ul>\n<li>Qualsiasi mezzo di trasporto \u00e8 consentito! Carrelli e carrellini per la spesa, cestini, borse frigo! Da porgere dopo l\u2019utilizzo sotto il tavolo, quindi regolatevi con la lunghezza della tovaglia.<\/li>\n<li>Tenete in conto il numero di commensali al vostro tavolo onde evitare mancanza di sedute.<\/li>\n<li><strong>Da evitare assolutamente<\/strong>: posate in plastica, bottiglie in vetro e lattine<\/li>\n<\/ul>\n","protected":false},"excerpt":{"rendered":"<p>Poche semplici regole per una serata da ricordare Sei tu il protagonista divertimento (regola fondamentale) Siate creativi &#8220;Vivendo in modo creativo ci si rende conto del fatto che ogni cosa che facciamo aumenta il senso di essere vivi, di essere [&hellip;]<\/p>\n","protected":false},"author":1,"featured_media":0,"parent":0,"menu_order":0,"comment_status":"closed","ping_status":"closed","template":"","meta":{"footnotes":""},"_links":{"self":[{"href":"https:\/\/torchiati.it\/cenainbianco\/wp-json\/wp\/v2\/pages\/1764"}],"collection":[{"href":"https:\/\/torchiati.it\/cenainbianco\/wp-json\/wp\/v2\/pages"}],"about":[{"href":"https:\/\/torchiati.it\/cenainbianco\/wp-json\/wp\/v2\/types\/page"}],"author":[{"embeddable":true,"href":"https:\/\/torchiati.it\/cenainbianco\/wp-json\/wp\/v2\/users\/1"}],"replies":[{"embeddable":true,"href":"https:\/\/torchiati.it\/cenainbianco\/wp-json\/wp\/v2\/comments?post=1764"}],"version-history":[{"count":28,"href":"https:\/\/torchiati.it\/cenainbianco\/wp-json\/wp\/v2\/pages\/1764\/revisions"}],"predecessor-version":[{"id":3931,"href":"https:\/\/torchiati.it\/cenainbianco\/wp-json\/wp\/v2\/pages\/1764\/revisions\/3931"}],"wp:attachment":[{"href":"https:\/\/torchiati.it\/cenainbianco\/wp-json\/wp\/v2\/media?parent=1764"}],"curies":[{"name":"wp","href":"https:\/\/api.w.org\/{rel}","templated":true}]}}